{"id":116,"date":"2023-05-23T20:23:43","date_gmt":"2023-05-23T18:23:43","guid":{"rendered":"http:\/\/vzrsjgz.cluster027.hosting.ovh.net\/?page_id=116"},"modified":"2023-06-07T17:53:20","modified_gmt":"2023-06-07T15:53:20","slug":"enseignement-musicale","status":"publish","type":"page","link":"https:\/\/www.emtbn.fr\/index.php\/enseignement-musicale\/","title":{"rendered":"Enseignement musical"},"content":{"rendered":"\n<div class=\"wp-block-columns is-layout-flex wp-container-core-columns-is-layout-28f84493 wp-block-columns-is-layout-flex\">\n<div class=\"wp-block-column is-layout-flow wp-block-column-is-layout-flow\" style=\"flex-basis:100%\">\n<div class=\"wp-block-cover is-light has-parallax is-style-default\" style=\"font-size:0px\"><span aria-hidden=\"true\" class=\"wp-block-cover__background has-background-dim-0 has-background-dim\"><\/span><div role=\"img\" class=\"wp-block-cover__image-background wp-image-261 has-parallax\" style=\"background-position:50% 50%;background-image:url(http:\/\/vzrsjgz.cluster027.hosting.ovh.net\/wp-content\/uploads\/2023\/05\/DSC_0272-scaled.jpg)\"><\/div><div class=\"wp-block-cover__inner-container is-layout-flow wp-block-cover-is-layout-flow\">\n<p><\/p>\n<\/div><\/div>\n<\/div>\n<\/div>\n\n\n\n<p>Nous proposons deux cycles d&rsquo;enseignements:<\/p>\n\n\n\n<p class=\"has-text-regular-color has-text-color\">&#8211;&nbsp;<strong><mark style=\"background-color:rgba(0, 0, 0, 0)\" class=\"has-inline-color has-foreground-color\">Cursus traditionnel<\/mark><\/strong>&nbsp;avec cours d&rsquo;instrument individuel, de formation musicale et de pratiques collectives, auditions et \u00e9valuation&nbsp;annuelles, examens par fin de cycle<\/p>\n\n\n\n<p>&#8211;&nbsp;<strong><mark style=\"background-color:rgba(0, 0, 0, 0)\" class=\"has-inline-color has-foreground-color\">Cursus libre<\/mark><\/strong>&nbsp;avec possibilit\u00e9 d&rsquo;am\u00e9nager sa formation<\/p>\n\n\n\n<p>Toutes les disciplines (y compris la formation musicale) sont \u00e9galement enseign\u00e9es aux adultes.<\/p>\n\n\n\n<div class=\"wp-block-buttons is-layout-flex wp-block-buttons-is-layout-flex\"><\/div>\n\n\n\n<div class=\"wp-block-group is-style-no-spacing has-background-light-background-color has-background is-layout-constrained wp-container-core-group-is-layout-2a6ce2bf wp-block-group-is-layout-constrained\" style=\"padding-top:70px;padding-bottom:60px\">\n<div class=\"wp-block-columns alignwide is-layout-flex wp-container-core-columns-is-layout-28f84493 wp-block-columns-is-layout-flex\">\n<div class=\"wp-block-column is-layout-flow wp-block-column-is-layout-flow\">\n<div class=\"wp-block-cover is-light hover-scale\"><span aria-hidden=\"true\" class=\"wp-block-cover__background has-background-dim-0 has-background-dim\"><\/span><img loading=\"lazy\" decoding=\"async\" width=\"2560\" height=\"1707\" class=\"wp-block-cover__image-background wp-image-324\" alt=\"\" src=\"http:\/\/vzrsjgz.cluster027.hosting.ovh.net\/wp-content\/uploads\/2023\/06\/DSC_0236-scaled.jpg\" style=\"object-position:65% 60%\" data-object-fit=\"cover\" data-object-position=\"65% 60%\" srcset=\"https:\/\/www.emtbn.fr\/wp-content\/uploads\/2023\/06\/DSC_0236-scaled.jpg 2560w, https:\/\/www.emtbn.fr\/wp-content\/uploads\/2023\/06\/DSC_0236-300x200.jpg 300w, https:\/\/www.emtbn.fr\/wp-content\/uploads\/2023\/06\/DSC_0236-1024x683.jpg 1024w, https:\/\/www.emtbn.fr\/wp-content\/uploads\/2023\/06\/DSC_0236-768x512.jpg 768w, https:\/\/www.emtbn.fr\/wp-content\/uploads\/2023\/06\/DSC_0236-1536x1024.jpg 1536w, https:\/\/www.emtbn.fr\/wp-content\/uploads\/2023\/06\/DSC_0236-2048x1365.jpg 2048w, https:\/\/www.emtbn.fr\/wp-content\/uploads\/2023\/06\/DSC_0236-1170x780.jpg 1170w\" sizes=\"auto, (max-width: 2560px) 100vw, 2560px\" \/><div class=\"wp-block-cover__inner-container is-layout-flow wp-block-cover-is-layout-flow\">\n<div class=\"wp-block-buttons is-horizontal is-content-justification-space-between is-layout-flex wp-container-core-buttons-is-layout-f200d7a0 wp-block-buttons-is-layout-flex\"><\/div>\n<\/div><\/div>\n\n\n\n<div class=\"wp-block-buttons is-layout-flex wp-block-buttons-is-layout-flex\">\n<div class=\"wp-block-button has-custom-width wp-block-button__width-100 has-custom-font-size is-style-outline has-tiny-font-size is-style-outline--1\"><a class=\"wp-block-button__link has-vivid-red-color has-background-light-background-color has-text-color has-background wp-element-button\" href=\"https:\/\/www.emtbn.fr\/index.php\/initiation-et-orientation\/\">Initiation et orientation<\/a><\/div>\n<\/div>\n<\/div>\n\n\n\n<div class=\"wp-block-column is-layout-flow wp-block-column-is-layout-flow\">\n<div class=\"wp-block-cover is-light hover-scale\" style=\"min-height:430px;aspect-ratio:unset;\"><span aria-hidden=\"true\" class=\"wp-block-cover__background has-background-dim-0 has-background-dim\"><\/span><img loading=\"lazy\" decoding=\"async\" width=\"2560\" height=\"1707\" class=\"wp-block-cover__image-background wp-image-265\" alt=\"\" src=\"http:\/\/vzrsjgz.cluster027.hosting.ovh.net\/wp-content\/uploads\/2023\/05\/DSC_0249-scaled.jpg\" data-object-fit=\"cover\" srcset=\"https:\/\/www.emtbn.fr\/wp-content\/uploads\/2023\/05\/DSC_0249-scaled.jpg 2560w, https:\/\/www.emtbn.fr\/wp-content\/uploads\/2023\/05\/DSC_0249-300x200.jpg 300w, https:\/\/www.emtbn.fr\/wp-content\/uploads\/2023\/05\/DSC_0249-1024x683.jpg 1024w, https:\/\/www.emtbn.fr\/wp-content\/uploads\/2023\/05\/DSC_0249-768x512.jpg 768w, https:\/\/www.emtbn.fr\/wp-content\/uploads\/2023\/05\/DSC_0249-1536x1024.jpg 1536w, https:\/\/www.emtbn.fr\/wp-content\/uploads\/2023\/05\/DSC_0249-2048x1365.jpg 2048w, https:\/\/www.emtbn.fr\/wp-content\/uploads\/2023\/05\/DSC_0249-1170x780.jpg 1170w\" sizes=\"auto, (max-width: 2560px) 100vw, 2560px\" \/><div class=\"wp-block-cover__inner-container is-layout-flow wp-block-cover-is-layout-flow\">\n<div class=\"wp-block-buttons is-horizontal is-content-justification-center is-layout-flex wp-container-core-buttons-is-layout-03627597 wp-block-buttons-is-layout-flex\"><\/div>\n<\/div><\/div>\n\n\n\n<div class=\"wp-block-buttons is-layout-flex wp-block-buttons-is-layout-flex\">\n<div class=\"wp-block-button has-custom-width wp-block-button__width-100 has-custom-font-size is-style-outline has-tiny-font-size is-style-outline--2\"><a class=\"wp-block-button__link has-vivid-red-color has-background-light-background-color has-text-color has-background wp-element-button\" href=\"https:\/\/www.emtbn.fr\/index.php\/pratique-instrumentale\/\">Pratique instrumentale<\/a><\/div>\n<\/div>\n<\/div>\n\n\n\n<div class=\"wp-block-column is-layout-flow wp-block-column-is-layout-flow\">\n<div class=\"wp-block-cover is-light hover-scale\"><span aria-hidden=\"true\" class=\"wp-block-cover__background has-background-dim-0 has-background-dim\"><\/span><img loading=\"lazy\" decoding=\"async\" width=\"2560\" height=\"1707\" class=\"wp-block-cover__image-background wp-image-321\" alt=\"\" src=\"http:\/\/vzrsjgz.cluster027.hosting.ovh.net\/wp-content\/uploads\/2023\/06\/DSC_0372-scaled.jpg\" style=\"object-position:37% 53%\" data-object-fit=\"cover\" data-object-position=\"37% 53%\" srcset=\"https:\/\/www.emtbn.fr\/wp-content\/uploads\/2023\/06\/DSC_0372-scaled.jpg 2560w, https:\/\/www.emtbn.fr\/wp-content\/uploads\/2023\/06\/DSC_0372-300x200.jpg 300w, https:\/\/www.emtbn.fr\/wp-content\/uploads\/2023\/06\/DSC_0372-1024x683.jpg 1024w, https:\/\/www.emtbn.fr\/wp-content\/uploads\/2023\/06\/DSC_0372-768x512.jpg 768w, https:\/\/www.emtbn.fr\/wp-content\/uploads\/2023\/06\/DSC_0372-1536x1024.jpg 1536w, https:\/\/www.emtbn.fr\/wp-content\/uploads\/2023\/06\/DSC_0372-2048x1365.jpg 2048w, https:\/\/www.emtbn.fr\/wp-content\/uploads\/2023\/06\/DSC_0372-1170x780.jpg 1170w\" sizes=\"auto, (max-width: 2560px) 100vw, 2560px\" \/><div class=\"wp-block-cover__inner-container is-layout-flow wp-block-cover-is-layout-flow\">\n<div class=\"wp-block-buttons is-horizontal is-content-justification-center is-layout-flex wp-container-core-buttons-is-layout-03627597 wp-block-buttons-is-layout-flex\"><\/div>\n<\/div><\/div>\n\n\n\n<div class=\"wp-block-buttons is-layout-flex wp-block-buttons-is-layout-flex\">\n<div class=\"wp-block-button has-custom-width wp-block-button__width-100 has-custom-font-size is-style-outline has-tiny-font-size is-style-outline--3\"><a class=\"wp-block-button__link has-vivid-red-color has-background-light-background-color has-text-color has-background wp-element-button\" href=\"https:\/\/www.emtbn.fr\/index.php\/formation-musicale\/\">Formation musicale<\/a><\/div>\n<\/div>\n<\/div>\n\n\n\n<div class=\"wp-block-column is-layout-flow wp-block-column-is-layout-flow\">\n<div class=\"wp-block-cover is-light hover-scale\"><span aria-hidden=\"true\" class=\"wp-block-cover__background has-background-dim-0 has-background-dim\"><\/span><img loading=\"lazy\" decoding=\"async\" width=\"2560\" height=\"1707\" class=\"wp-block-cover__image-background wp-image-267\" alt=\"\" src=\"http:\/\/vzrsjgz.cluster027.hosting.ovh.net\/wp-content\/uploads\/2023\/05\/DSC_0257-scaled.jpg\" style=\"object-position:40% 54%\" data-object-fit=\"cover\" data-object-position=\"40% 54%\" srcset=\"https:\/\/www.emtbn.fr\/wp-content\/uploads\/2023\/05\/DSC_0257-scaled.jpg 2560w, https:\/\/www.emtbn.fr\/wp-content\/uploads\/2023\/05\/DSC_0257-300x200.jpg 300w, https:\/\/www.emtbn.fr\/wp-content\/uploads\/2023\/05\/DSC_0257-1024x683.jpg 1024w, https:\/\/www.emtbn.fr\/wp-content\/uploads\/2023\/05\/DSC_0257-768x512.jpg 768w, https:\/\/www.emtbn.fr\/wp-content\/uploads\/2023\/05\/DSC_0257-1536x1024.jpg 1536w, https:\/\/www.emtbn.fr\/wp-content\/uploads\/2023\/05\/DSC_0257-2048x1365.jpg 2048w, https:\/\/www.emtbn.fr\/wp-content\/uploads\/2023\/05\/DSC_0257-1170x780.jpg 1170w\" sizes=\"auto, (max-width: 2560px) 100vw, 2560px\" \/><div class=\"wp-block-cover__inner-container is-layout-flow wp-block-cover-is-layout-flow\">\n<div class=\"wp-block-buttons is-horizontal is-content-justification-center is-layout-flex wp-container-core-buttons-is-layout-03627597 wp-block-buttons-is-layout-flex\"><\/div>\n<\/div><\/div>\n\n\n\n<div class=\"wp-block-buttons is-layout-flex wp-block-buttons-is-layout-flex\">\n<div class=\"wp-block-button has-custom-width wp-block-button__width-100 has-custom-font-size is-style-outline has-tiny-font-size is-style-outline--4\"><a class=\"wp-block-button__link has-vivid-red-color has-background-light-background-color has-text-color has-background wp-element-button\" href=\"https:\/\/www.emtbn.fr\/index.php\/instruments-pratiques\/\">Instruments pratiques<\/a><\/div>\n<\/div>\n<\/div>\n<\/div>\n<\/div>\n","protected":false},"excerpt":{"rendered":"<p>Nous proposons deux cycles d&rsquo;enseignements: &#8211;&nbsp;Cursus traditionnel&nbsp;avec cours d&rsquo;instrument individuel, de formation musicale et de pratiques collectives, auditions et \u00e9valuation&nbsp;annuelles, examens par fin de cycle &#8211;&nbsp;Cursus libre&nbsp;avec possibilit\u00e9 d&rsquo;am\u00e9nager sa formation Toutes les disciplines (y compris la formation musicale) sont \u00e9galement enseign\u00e9es aux adultes.<\/p>\n","protected":false},"author":1,"featured_media":0,"parent":0,"menu_order":0,"comment_status":"closed","ping_status":"closed","template":"","meta":{"footnotes":""},"class_list":["post-116","page","type-page","status-publish","hentry"],"_links":{"self":[{"href":"https:\/\/www.emtbn.fr\/index.php\/wp-json\/wp\/v2\/pages\/116","targetHints":{"allow":["GET"]}}],"collection":[{"href":"https:\/\/www.emtbn.fr\/index.php\/wp-json\/wp\/v2\/pages"}],"about":[{"href":"https:\/\/www.emtbn.fr\/index.php\/wp-json\/wp\/v2\/types\/page"}],"author":[{"embeddable":true,"href":"https:\/\/www.emtbn.fr\/index.php\/wp-json\/wp\/v2\/users\/1"}],"replies":[{"embeddable":true,"href":"https:\/\/www.emtbn.fr\/index.php\/wp-json\/wp\/v2\/comments?post=116"}],"version-history":[{"count":16,"href":"https:\/\/www.emtbn.fr\/index.php\/wp-json\/wp\/v2\/pages\/116\/revisions"}],"predecessor-version":[{"id":368,"href":"https:\/\/www.emtbn.fr\/index.php\/wp-json\/wp\/v2\/pages\/116\/revisions\/368"}],"wp:attachment":[{"href":"https:\/\/www.emtbn.fr\/index.php\/wp-json\/wp\/v2\/media?parent=116"}],"curies":[{"name":"wp","href":"https:\/\/api.w.org\/{rel}","templated":true}]}}